{"id":2601,"date":"2024-01-25T10:51:31","date_gmt":"2024-01-25T09:51:31","guid":{"rendered":"https:\/\/www.carbon-waters.com\/graphup\/graphup-preserv\/"},"modified":"2024-03-07T16:55:43","modified_gmt":"2024-03-07T15:55:43","slug":"graphup-preserv","status":"publish","type":"page","link":"https:\/\/www.carbon-waters.com\/en\/products\/graphup-preserv\/","title":{"rendered":"Graph&#8217;Up Preserv"},"content":{"rendered":"","protected":false},"excerpt":{"rendered":"","protected":false},"author":1,"featured_media":2571,"parent":2589,"menu_order":0,"comment_status":"closed","ping_status":"closed","template":"page-produits.php","meta":{"_acf_changed":false,"inline_featured_image":false,"footnotes":""},"class_list":["post-2601","page","type-page","status-publish","has-post-thumbnail","hentry"],"acf":[],"yoast_head":"<!-- This site is optimized with the Yoast SEO plugin v27.4 - https:\/\/yoast.com\/product\/yoast-seo-wordpress\/ -->\n<title>Paint Film Protection Additives: Graph&#039;Up Preserv<\/title>\n<meta name=\"description\" content=\"The Graph&#039;Up Preserv product range effectively protects the paint film on outdoor coatings, reducing the adhesion of dirt.\" \/>\n<meta name=\"robots\" content=\"index, follow, max-snippet:-1, max-image-preview:large, max-video-preview:-1\" \/>\n<link rel=\"canonical\" href=\"https:\/\/www.carbon-waters.com\/en\/products\/graphup-preserv\/\" \/>\n<meta property=\"og:locale\" content=\"en_US\" \/>\n<meta property=\"og:type\" content=\"article\" \/>\n<meta property=\"og:title\" content=\"Paint Film Protection Additives: Graph&#039;Up Preserv\" \/>\n<meta property=\"og:description\" content=\"The Graph&#039;Up Preserv product range effectively protects the paint film on outdoor coatings, reducing the adhesion of dirt.\" \/>\n<meta property=\"og:url\" content=\"https:\/\/www.carbon-waters.com\/en\/products\/graphup-preserv\/\" \/>\n<meta property=\"og:site_name\" content=\"Carbon Waters\" \/>\n<meta property=\"article:modified_time\" content=\"2024-03-07T15:55:43+00:00\" \/>\n<meta property=\"og:image\" content=\"https:\/\/www.carbon-waters.com\/wp-content\/uploads\/2024\/01\/graph-up-preserv-2.png\" \/>\n\t<meta property=\"og:image:width\" content=\"550\" \/>\n\t<meta property=\"og:image:height\" content=\"550\" \/>\n\t<meta property=\"og:image:type\" content=\"image\/png\" \/>\n<meta name=\"twitter:card\" content=\"summary_large_image\" \/>\n<meta name=\"twitter:label1\" content=\"Est. reading time\" \/>\n\t<meta name=\"twitter:data1\" content=\"1 minute\" \/>\n<script type=\"application\/ld+json\" class=\"yoast-schema-graph\">{\"@context\":\"https:\\\/\\\/schema.org\",\"@graph\":[{\"@type\":\"WebPage\",\"@id\":\"https:\\\/\\\/www.carbon-waters.com\\\/en\\\/products\\\/graphup-preserv\\\/\",\"url\":\"https:\\\/\\\/www.carbon-waters.com\\\/en\\\/products\\\/graphup-preserv\\\/\",\"name\":\"Paint Film Protection Additives: Graph'Up Preserv\",\"isPartOf\":{\"@id\":\"https:\\\/\\\/www.carbon-waters.com\\\/en\\\/#website\"},\"primaryImageOfPage\":{\"@id\":\"https:\\\/\\\/www.carbon-waters.com\\\/en\\\/products\\\/graphup-preserv\\\/#primaryimage\"},\"image\":{\"@id\":\"https:\\\/\\\/www.carbon-waters.com\\\/en\\\/products\\\/graphup-preserv\\\/#primaryimage\"},\"thumbnailUrl\":\"https:\\\/\\\/www.carbon-waters.com\\\/wp-content\\\/uploads\\\/2024\\\/01\\\/graph-up-preserv-2.png\",\"datePublished\":\"2024-01-25T09:51:31+00:00\",\"dateModified\":\"2024-03-07T15:55:43+00:00\",\"description\":\"The Graph'Up Preserv product range effectively protects the paint film on outdoor coatings, reducing the adhesion of dirt.\",\"breadcrumb\":{\"@id\":\"https:\\\/\\\/www.carbon-waters.com\\\/en\\\/products\\\/graphup-preserv\\\/#breadcrumb\"},\"inLanguage\":\"en-US\",\"potentialAction\":[{\"@type\":\"ReadAction\",\"target\":[\"https:\\\/\\\/www.carbon-waters.com\\\/en\\\/products\\\/graphup-preserv\\\/\"]}]},{\"@type\":\"ImageObject\",\"inLanguage\":\"en-US\",\"@id\":\"https:\\\/\\\/www.carbon-waters.com\\\/en\\\/products\\\/graphup-preserv\\\/#primaryimage\",\"url\":\"https:\\\/\\\/www.carbon-waters.com\\\/wp-content\\\/uploads\\\/2024\\\/01\\\/graph-up-preserv-2.png\",\"contentUrl\":\"https:\\\/\\\/www.carbon-waters.com\\\/wp-content\\\/uploads\\\/2024\\\/01\\\/graph-up-preserv-2.png\",\"width\":550,\"height\":550,\"caption\":\"Graph'up Preserv de Carbon Waters : additif \u00e0 base de graph\u00e8ne pour la protection des rev\u00eatements\"},{\"@type\":\"BreadcrumbList\",\"@id\":\"https:\\\/\\\/www.carbon-waters.com\\\/en\\\/products\\\/graphup-preserv\\\/#breadcrumb\",\"itemListElement\":[{\"@type\":\"ListItem\",\"position\":1,\"name\":\"Accueil\",\"item\":\"https:\\\/\\\/www.carbon-waters.com\\\/en\\\/\"},{\"@type\":\"ListItem\",\"position\":2,\"name\":\"Products\",\"item\":\"https:\\\/\\\/www.carbon-waters.com\\\/en\\\/products\\\/\"},{\"@type\":\"ListItem\",\"position\":3,\"name\":\"Graph&rsquo;Up Preserv\"}]},{\"@type\":\"WebSite\",\"@id\":\"https:\\\/\\\/www.carbon-waters.com\\\/en\\\/#website\",\"url\":\"https:\\\/\\\/www.carbon-waters.com\\\/en\\\/\",\"name\":\"Carbon Waters\",\"description\":\"Endless horizon of materials\",\"potentialAction\":[{\"@type\":\"SearchAction\",\"target\":{\"@type\":\"EntryPoint\",\"urlTemplate\":\"https:\\\/\\\/www.carbon-waters.com\\\/en\\\/?s={search_term_string}\"},\"query-input\":{\"@type\":\"PropertyValueSpecification\",\"valueRequired\":true,\"valueName\":\"search_term_string\"}}],\"inLanguage\":\"en-US\"}]}<\/script>\n<!-- \/ Yoast SEO plugin. -->","yoast_head_json":{"title":"Paint Film Protection Additives: Graph'Up Preserv","description":"The Graph'Up Preserv product range effectively protects the paint film on outdoor coatings, reducing the adhesion of dirt.","robots":{"index":"index","follow":"follow","max-snippet":"max-snippet:-1","max-image-preview":"max-image-preview:large","max-video-preview":"max-video-preview:-1"},"canonical":"https:\/\/www.carbon-waters.com\/en\/products\/graphup-preserv\/","og_locale":"en_US","og_type":"article","og_title":"Paint Film Protection Additives: Graph'Up Preserv","og_description":"The Graph'Up Preserv product range effectively protects the paint film on outdoor coatings, reducing the adhesion of dirt.","og_url":"https:\/\/www.carbon-waters.com\/en\/products\/graphup-preserv\/","og_site_name":"Carbon Waters","article_modified_time":"2024-03-07T15:55:43+00:00","og_image":[{"width":550,"height":550,"url":"https:\/\/www.carbon-waters.com\/wp-content\/uploads\/2024\/01\/graph-up-preserv-2.png","type":"image\/png"}],"twitter_card":"summary_large_image","twitter_misc":{"Est. reading time":"1 minute"},"schema":{"@context":"https:\/\/schema.org","@graph":[{"@type":"WebPage","@id":"https:\/\/www.carbon-waters.com\/en\/products\/graphup-preserv\/","url":"https:\/\/www.carbon-waters.com\/en\/products\/graphup-preserv\/","name":"Paint Film Protection Additives: Graph'Up Preserv","isPartOf":{"@id":"https:\/\/www.carbon-waters.com\/en\/#website"},"primaryImageOfPage":{"@id":"https:\/\/www.carbon-waters.com\/en\/products\/graphup-preserv\/#primaryimage"},"image":{"@id":"https:\/\/www.carbon-waters.com\/en\/products\/graphup-preserv\/#primaryimage"},"thumbnailUrl":"https:\/\/www.carbon-waters.com\/wp-content\/uploads\/2024\/01\/graph-up-preserv-2.png","datePublished":"2024-01-25T09:51:31+00:00","dateModified":"2024-03-07T15:55:43+00:00","description":"The Graph'Up Preserv product range effectively protects the paint film on outdoor coatings, reducing the adhesion of dirt.","breadcrumb":{"@id":"https:\/\/www.carbon-waters.com\/en\/products\/graphup-preserv\/#breadcrumb"},"inLanguage":"en-US","potentialAction":[{"@type":"ReadAction","target":["https:\/\/www.carbon-waters.com\/en\/products\/graphup-preserv\/"]}]},{"@type":"ImageObject","inLanguage":"en-US","@id":"https:\/\/www.carbon-waters.com\/en\/products\/graphup-preserv\/#primaryimage","url":"https:\/\/www.carbon-waters.com\/wp-content\/uploads\/2024\/01\/graph-up-preserv-2.png","contentUrl":"https:\/\/www.carbon-waters.com\/wp-content\/uploads\/2024\/01\/graph-up-preserv-2.png","width":550,"height":550,"caption":"Graph'up Preserv de Carbon Waters : additif \u00e0 base de graph\u00e8ne pour la protection des rev\u00eatements"},{"@type":"BreadcrumbList","@id":"https:\/\/www.carbon-waters.com\/en\/products\/graphup-preserv\/#breadcrumb","itemListElement":[{"@type":"ListItem","position":1,"name":"Accueil","item":"https:\/\/www.carbon-waters.com\/en\/"},{"@type":"ListItem","position":2,"name":"Products","item":"https:\/\/www.carbon-waters.com\/en\/products\/"},{"@type":"ListItem","position":3,"name":"Graph&rsquo;Up Preserv"}]},{"@type":"WebSite","@id":"https:\/\/www.carbon-waters.com\/en\/#website","url":"https:\/\/www.carbon-waters.com\/en\/","name":"Carbon Waters","description":"Endless horizon of materials","potentialAction":[{"@type":"SearchAction","target":{"@type":"EntryPoint","urlTemplate":"https:\/\/www.carbon-waters.com\/en\/?s={search_term_string}"},"query-input":{"@type":"PropertyValueSpecification","valueRequired":true,"valueName":"search_term_string"}}],"inLanguage":"en-US"}]}},"_links":{"self":[{"href":"https:\/\/www.carbon-waters.com\/en\/wp-json\/wp\/v2\/pages\/2601","targetHints":{"allow":["GET"]}}],"collection":[{"href":"https:\/\/www.carbon-waters.com\/en\/wp-json\/wp\/v2\/pages"}],"about":[{"href":"https:\/\/www.carbon-waters.com\/en\/wp-json\/wp\/v2\/types\/page"}],"author":[{"embeddable":true,"href":"https:\/\/www.carbon-waters.com\/en\/wp-json\/wp\/v2\/users\/1"}],"replies":[{"embeddable":true,"href":"https:\/\/www.carbon-waters.com\/en\/wp-json\/wp\/v2\/comments?post=2601"}],"version-history":[{"count":5,"href":"https:\/\/www.carbon-waters.com\/en\/wp-json\/wp\/v2\/pages\/2601\/revisions"}],"predecessor-version":[{"id":2776,"href":"https:\/\/www.carbon-waters.com\/en\/wp-json\/wp\/v2\/pages\/2601\/revisions\/2776"}],"up":[{"embeddable":true,"href":"https:\/\/www.carbon-waters.com\/en\/wp-json\/wp\/v2\/pages\/2589"}],"wp:featuredmedia":[{"embeddable":true,"href":"https:\/\/www.carbon-waters.com\/en\/wp-json\/wp\/v2\/media\/2571"}],"wp:attachment":[{"href":"https:\/\/www.carbon-waters.com\/en\/wp-json\/wp\/v2\/media?parent=2601"}],"curies":[{"name":"wp","href":"https:\/\/api.w.org\/{rel}","templated":true}]}}